
{"id":9187,"date":"2022-07-01T16:31:47","date_gmt":"2022-07-01T15:31:47","guid":{"rendered":"http:\/\/valentino-test.weavesrl.com\/about-us\/"},"modified":"2024-10-02T10:08:06","modified_gmt":"2024-10-02T09:08:06","slug":"about-us","status":"publish","type":"page","link":"https:\/\/valentinocaffe.com\/en\/about-us\/","title":{"rendered":"About us"},"content":{"rendered":"\t\t<div data-elementor-type=\"wp-page\" data-elementor-id=\"9187\" class=\"elementor elementor-9187 elementor-7493\">\n\t\t\t\t\t\t<section class=\"elementor-section elementor-top-section elementor-element elementor-element-0b9525f elementor-section-full_width elementor-section-height-default elementor-section-height-default qodef-elementor-content-no qodef-elementor-overlay-no\" data-id=\"0b9525f\" data-element_type=\"section\" data-e-type=\"section\">\n\t\t\t\t\t\t<div class=\"elementor-container elementor-column-gap-no\">\n\t\t\t\t\t<div class=\"elementor-column elementor-col-100 elementor-top-column elementor-element elementor-element-b41ea3b\" data-id=\"b41ea3b\" data-element_type=\"column\" data-e-type=\"column\">\n\t\t\t<div class=\"elementor-widget-wrap elementor-element-populated\">\n\t\t\t\t\t\t<div class=\"elementor-element elementor-element-a05179e elementor-widget elementor-widget-slider_revolution\" data-id=\"a05179e\" data-element_type=\"widget\" data-e-type=\"widget\" data-widget_type=\"slider_revolution.default\">\n\t\t\t\t<div class=\"elementor-widget-container\">\n\t\t\t\t\t\n\t\t<div class=\"wp-block-themepunch-revslider\">\n\t\t\t<!-- START aboutus REVOLUTION SLIDER 6.7.34 --><p class=\"rs-p-wp-fix\"><\/p>\n\t\t\t<rs-module-wrap id=\"rev_slider_21_1_wrapper\" data-source=\"gallery\" style=\"visibility:hidden;background:transparent;padding:0;\">\n\t\t\t\t<rs-module id=\"rev_slider_21_1\" style=\"\" data-version=\"6.7.34\">\n\t\t\t\t\t<rs-slides style=\"overflow: hidden; position: absolute;\">\n\t\t\t\t\t\t<rs-slide style=\"position: absolute;\" data-key=\"rs-59\" data-title=\"Slide\" data-anim=\"adpr:false;\" data-in=\"o:0;\" data-out=\"a:false;\" data-p1=\"1\">\n\t\t\t\t\t\t\t<img fetchpriority=\"high\" decoding=\"async\" src=\"\/\/valentinocaffe.com\/wp-content\/plugins\/revslider\/sr6\/assets\/assets\/dummy.png\" alt=\"\" width=\"1920\" height=\"1080\" class=\"rev-slidebg tp-rs-img rs-lazyload\" data-lazyload=\"\/wp-content\/uploads\/2022\/06\/valentino-caffe-lecce-1.jpg\" data-parallax=\"4\" data-no-retina>\n<!--\n\t\t\t\t\t\t\t--><rs-layer\n\t\t\t\t\t\t\t\tid=\"slider-21-slide-59-layer-2\" \n\t\t\t\t\t\t\t\tdata-type=\"text\"\n\t\t\t\t\t\t\t\tdata-xy=\"x:l,l,c,c;xo:0,-32px,0,0;y:m;yo:0,1px,1px,0;\"\n\t\t\t\t\t\t\t\tdata-text=\"w:normal;s:70,55,55,44;\"\n\t\t\t\t\t\t\t\tdata-rsp_o=\"off\"\n\t\t\t\t\t\t\t\tdata-rsp_bd=\"off\"\n\t\t\t\t\t\t\t\tdata-frame_999=\"o:0;st:w;\"\n\t\t\t\t\t\t\t\tstyle=\"z-index:8;font-family:'Belleza';\"\n\t\t\t\t\t\t\t>ABOUT US \n\t\t\t\t\t\t\t<\/rs-layer><!--\n\n\t\t\t\t\t\t\t--><rs-layer\n\t\t\t\t\t\t\t\tid=\"slider-21-slide-59-layer-3\" \n\t\t\t\t\t\t\t\tdata-type=\"text\"\n\t\t\t\t\t\t\t\tdata-xy=\"x:l,l,c,c;xo:0,-32px,0,0;y:m;yo:99px,91px,91px,71px;\"\n\t\t\t\t\t\t\t\tdata-text=\"w:normal;s:28,23,23,20;l:26,23,23,13;fw:300;a:left,left,center,center;\"\n\t\t\t\t\t\t\t\tdata-rsp_o=\"off\"\n\t\t\t\t\t\t\t\tdata-rsp_bd=\"off\"\n\t\t\t\t\t\t\t\tdata-frame_999=\"o:0;st:w;\"\n\t\t\t\t\t\t\t\tstyle=\"z-index:9;font-family:'Roboto';\"\n\t\t\t\t\t\t\t>We have been dealing in coffee<br \/>\nfor three generations<br \/>\n \n\t\t\t\t\t\t\t<\/rs-layer><!--\n-->\t\t\t\t\t<\/rs-slide>\n\t\t\t\t\t<\/rs-slides>\n\t\t\t\t<\/rs-module>\n\t\t\t\t<script>\n\t\t\t\t\tsetREVStartSize({c: 'rev_slider_21_1',rl:[1920,1600,778,480],el:[900,768,960,720],gw:[1280,1024,778,720],gh:[900,768,960,720],type:'standard',justify:'',layout:'fullscreen',offsetContainer:'',offset:'0px',mh:\"0\"});if (window.RS_MODULES!==undefined && window.RS_MODULES.modules!==undefined && window.RS_MODULES.modules[\"revslider211\"]!==undefined) {window.RS_MODULES.modules[\"revslider211\"].once = false;window.revapi21 = undefined;if (window.RS_MODULES.checkMinimal!==undefined) window.RS_MODULES.checkMinimal()}\n\t\t\t\t<\/script>\n\t\t\t<\/rs-module-wrap>\n\t\t\t<!-- END REVOLUTION SLIDER -->\n<\/div>\n\n\t\t\t\t\t\t<\/div>\n\t\t\t\t<\/div>\n\t\t\t\t\t<\/div>\n\t\t<\/div>\n\t\t\t\t\t<\/div>\n\t\t<\/section>\n\t\t\t\t<section class=\"elementor-section elementor-top-section elementor-element elementor-element-da61e13 elementor-section-full_width elementor-section-stretched qodef-elementor-content-grid qodef-extended-grid qodef-extended-grid--right elementor-section-height-default elementor-section-height-default qodef-elementor-overlay-no\" data-id=\"da61e13\" data-element_type=\"section\" data-e-type=\"section\" data-settings=\"{&quot;stretch_section&quot;:&quot;section-stretched&quot;}\">\n\t\t\t\t\t\t<div class=\"elementor-container elementor-column-gap-no\">\n\t\t\t\t\t<div class=\"elementor-column elementor-col-50 elementor-top-column elementor-element elementor-element-cea77fd\" data-id=\"cea77fd\" data-element_type=\"column\" data-e-type=\"column\">\n\t\t\t<div class=\"elementor-widget-wrap elementor-element-populated\">\n\t\t\t\t\t\t<div class=\"elementor-element elementor-element-962b270 elementor-widget__width-initial elementor-widget-mobile__width-initial elementor-widget elementor-widget-tobel_core_section_title\" data-id=\"962b270\" data-element_type=\"widget\" data-e-type=\"widget\" data-widget_type=\"tobel_core_section_title.default\">\n\t\t\t\t<div class=\"elementor-widget-container\">\n\t\t\t\t\t<div class=\"qodef-shortcode qodef-m qodef-section-title qodef-alignment--left\">\n\t\t\t<h4 class=\"qodef-m-title\" >\n\t\t\t\t\tCaff\u00e8 Valentino,  <br>a sustainable choice \t\t\t<\/h4>\n\t<\/div>\n\t\t\t\t<\/div>\n\t\t\t\t<\/div>\n\t\t\t\t\t<\/div>\n\t\t<\/div>\n\t\t\t\t<div class=\"elementor-column elementor-col-50 elementor-top-column elementor-element elementor-element-2c8440e elementor-hidden-mobile\" data-id=\"2c8440e\" data-element_type=\"column\" data-e-type=\"column\">\n\t\t\t<div class=\"elementor-widget-wrap elementor-element-populated\">\n\t\t\t\t\t\t<div class=\"elementor-element elementor-element-3040591 elementor-invisible elementor-widget elementor-widget-image\" data-id=\"3040591\" data-element_type=\"widget\" data-e-type=\"widget\" data-settings=\"{&quot;_animation&quot;:&quot;fadeIn&quot;}\" data-widget_type=\"image.default\">\n\t\t\t\t<div class=\"elementor-widget-container\">\n\t\t\t\t\t\t\t\t\t\t\t\t\t\t\t<img decoding=\"async\" width=\"1200\" height=\"931\" src=\"https:\/\/valentinocaffe.com\/wp-content\/uploads\/2022\/06\/caffe-valentino-puglia.jpeg\" class=\"attachment-full size-full wp-image-9045\" alt=\"Torrefazione Valentino Caffe Lecce\" srcset=\"https:\/\/valentinocaffe.com\/wp-content\/uploads\/2022\/06\/caffe-valentino-puglia.jpeg 1200w, https:\/\/valentinocaffe.com\/wp-content\/uploads\/2022\/06\/caffe-valentino-puglia-300x233.jpeg 300w, https:\/\/valentinocaffe.com\/wp-content\/uploads\/2022\/06\/caffe-valentino-puglia-600x466.jpeg 600w, https:\/\/valentinocaffe.com\/wp-content\/uploads\/2022\/06\/caffe-valentino-puglia-1024x794.jpeg 1024w, https:\/\/valentinocaffe.com\/wp-content\/uploads\/2022\/06\/caffe-valentino-puglia-768x596.jpeg 768w\" sizes=\"(max-width: 1200px) 100vw, 1200px\" \/>\t\t\t\t\t\t\t\t\t\t\t\t\t\t\t<\/div>\n\t\t\t\t<\/div>\n\t\t\t\t\t<\/div>\n\t\t<\/div>\n\t\t\t\t\t<\/div>\n\t\t<\/section>\n\t\t\t\t<section class=\"elementor-section elementor-top-section elementor-element elementor-element-abed72b elementor-section-full_width elementor-section-stretched elementor-hidden-desktop elementor-hidden-tablet elementor-section-height-default elementor-section-height-default qodef-elementor-content-no qodef-elementor-overlay-no\" data-id=\"abed72b\" data-element_type=\"section\" data-e-type=\"section\" data-settings=\"{&quot;stretch_section&quot;:&quot;section-stretched&quot;}\">\n\t\t\t\t\t\t<div class=\"elementor-container elementor-column-gap-no\">\n\t\t\t\t\t<div class=\"elementor-column elementor-col-100 elementor-top-column elementor-element elementor-element-eefb330\" data-id=\"eefb330\" data-element_type=\"column\" data-e-type=\"column\">\n\t\t\t<div class=\"elementor-widget-wrap elementor-element-populated\">\n\t\t\t\t\t\t<div class=\"elementor-element elementor-element-a39de1c elementor-widget elementor-widget-image\" data-id=\"a39de1c\" data-element_type=\"widget\" data-e-type=\"widget\" data-widget_type=\"image.default\">\n\t\t\t\t<div class=\"elementor-widget-container\">\n\t\t\t\t\t\t\t\t\t\t\t\t\t\t\t<img decoding=\"async\" width=\"1200\" height=\"931\" src=\"https:\/\/valentinocaffe.com\/wp-content\/uploads\/2022\/06\/caffe-valentino-puglia.jpeg\" class=\"attachment-full size-full wp-image-9045\" alt=\"Torrefazione Valentino Caffe Lecce\" srcset=\"https:\/\/valentinocaffe.com\/wp-content\/uploads\/2022\/06\/caffe-valentino-puglia.jpeg 1200w, https:\/\/valentinocaffe.com\/wp-content\/uploads\/2022\/06\/caffe-valentino-puglia-300x233.jpeg 300w, https:\/\/valentinocaffe.com\/wp-content\/uploads\/2022\/06\/caffe-valentino-puglia-600x466.jpeg 600w, https:\/\/valentinocaffe.com\/wp-content\/uploads\/2022\/06\/caffe-valentino-puglia-1024x794.jpeg 1024w, https:\/\/valentinocaffe.com\/wp-content\/uploads\/2022\/06\/caffe-valentino-puglia-768x596.jpeg 768w\" sizes=\"(max-width: 1200px) 100vw, 1200px\" \/>\t\t\t\t\t\t\t\t\t\t\t\t\t\t\t<\/div>\n\t\t\t\t<\/div>\n\t\t\t\t\t<\/div>\n\t\t<\/div>\n\t\t\t\t\t<\/div>\n\t\t<\/section>\n\t\t\t\t<section class=\"elementor-section elementor-top-section elementor-element elementor-element-8f78e49 elementor-section-full_width qodef-elementor-content-grid elementor-section-height-default elementor-section-height-default qodef-elementor-overlay-no\" data-id=\"8f78e49\" data-element_type=\"section\" data-e-type=\"section\">\n\t\t\t\t\t\t<div class=\"elementor-container elementor-column-gap-default\">\n\t\t\t\t\t<div class=\"elementor-column elementor-col-100 elementor-top-column elementor-element elementor-element-83972cd\" data-id=\"83972cd\" data-element_type=\"column\" data-e-type=\"column\">\n\t\t\t<div class=\"elementor-widget-wrap elementor-element-populated\">\n\t\t\t\t\t\t<div class=\"elementor-element elementor-element-81cfb51 elementor-widget elementor-widget-text-editor\" data-id=\"81cfb51\" data-element_type=\"widget\" data-e-type=\"widget\" data-widget_type=\"text-editor.default\">\n\t\t\t\t<div class=\"elementor-widget-container\">\n\t\t\t\t\t\t\t\t\t<p><strong>Valentino Caff\u00e8<\/strong> has been managed by the <strong>Montefrancesco family<\/strong> for two generations. They have expertly married together their <strong>artisanal mastery of the art of coffee<\/strong> and modern technologies, with a single goal: to produce <strong>excellent coffee<\/strong>, the symbol of the Italian espresso tradition.<\/p>\n<p>Our focus on the future is underpinned by solid traditional values, without ever losing the opportunity of evolving and aiming for constant innovation.<\/p>\n\t\t\t\t\t\t\t\t<\/div>\n\t\t\t\t<\/div>\n\t\t\t\t\t<\/div>\n\t\t<\/div>\n\t\t\t\t\t<\/div>\n\t\t<\/section>\n\t\t\t\t<section class=\"elementor-section elementor-top-section elementor-element elementor-element-f8b1e7f elementor-section-full_width qodef-elementor-content-grid elementor-section-height-min-height elementor-section-height-default elementor-section-items-middle qodef-elementor-overlay-no\" data-id=\"f8b1e7f\" data-element_type=\"section\" data-e-type=\"section\">\n\t\t\t\t\t\t<div class=\"elementor-container elementor-column-gap-default\">\n\t\t\t\t\t<div class=\"elementor-column elementor-col-100 elementor-top-column elementor-element elementor-element-28f952a\" data-id=\"28f952a\" data-element_type=\"column\" data-e-type=\"column\">\n\t\t\t<div class=\"elementor-widget-wrap elementor-element-populated\">\n\t\t\t\t\t\t<div class=\"elementor-element elementor-element-4a31b33 elementor-widget elementor-widget-image\" data-id=\"4a31b33\" data-element_type=\"widget\" data-e-type=\"widget\" data-widget_type=\"image.default\">\n\t\t\t\t<div class=\"elementor-widget-container\">\n\t\t\t\t\t\t\t\t\t\t\t\t\t\t\t<img decoding=\"async\" width=\"800\" height=\"433\" src=\"https:\/\/valentinocaffe.com\/wp-content\/uploads\/2023\/01\/chi-siamo-valentino-caffe\u0300.png\" class=\"attachment-large size-large wp-image-12081\" alt=\"Marta Lagna per Valentino Caff\u00e8\" srcset=\"https:\/\/valentinocaffe.com\/wp-content\/uploads\/2023\/01\/chi-siamo-valentino-caffe\u0300.png 800w, https:\/\/valentinocaffe.com\/wp-content\/uploads\/2023\/01\/chi-siamo-valentino-caffe\u0300-300x162.png 300w, https:\/\/valentinocaffe.com\/wp-content\/uploads\/2023\/01\/chi-siamo-valentino-caffe\u0300-600x325.png 600w, https:\/\/valentinocaffe.com\/wp-content\/uploads\/2023\/01\/chi-siamo-valentino-caffe\u0300-768x416.png 768w\" sizes=\"(max-width: 800px) 100vw, 800px\" \/>\t\t\t\t\t\t\t\t\t\t\t\t\t\t\t<\/div>\n\t\t\t\t<\/div>\n\t\t\t\t\t<\/div>\n\t\t<\/div>\n\t\t\t\t\t<\/div>\n\t\t<\/section>\n\t\t\t\t<section class=\"elementor-section elementor-top-section elementor-element elementor-element-0298680 elementor-section-full_width qodef-elementor-content-grid elementor-section-height-default elementor-section-height-default qodef-elementor-overlay-no\" data-id=\"0298680\" data-element_type=\"section\" data-e-type=\"section\">\n\t\t\t\t\t\t<div class=\"elementor-container elementor-column-gap-default\">\n\t\t\t\t\t<div class=\"elementor-column elementor-col-100 elementor-top-column elementor-element elementor-element-5e61a02\" data-id=\"5e61a02\" data-element_type=\"column\" data-e-type=\"column\">\n\t\t\t<div class=\"elementor-widget-wrap elementor-element-populated\">\n\t\t\t\t\t\t<div class=\"elementor-element elementor-element-af1c75e elementor-widget elementor-widget-tobel_core_section_title\" data-id=\"af1c75e\" data-element_type=\"widget\" data-e-type=\"widget\" data-widget_type=\"tobel_core_section_title.default\">\n\t\t\t\t<div class=\"elementor-widget-container\">\n\t\t\t\t\t<div class=\"qodef-shortcode qodef-m qodef-section-title qodef-alignment--left\">\n\t\t\t<\/div>\n\t\t\t\t<\/div>\n\t\t\t\t<\/div>\n\t\t\t\t<div class=\"elementor-element elementor-element-2d642db elementor-widget elementor-widget-text-editor\" data-id=\"2d642db\" data-element_type=\"widget\" data-e-type=\"widget\" data-widget_type=\"text-editor.default\">\n\t\t\t\t<div class=\"elementor-widget-container\">\n\t\t\t\t\t\t\t\t\t<h4>Sustainability and zero impact<br \/>are the two pillars of our company.<\/h4>\n\t\t\t\t\t\t\t\t<\/div>\n\t\t\t\t<\/div>\n\t\t\t\t<div class=\"elementor-element elementor-element-5fc455b elementor-widget elementor-widget-text-editor\" data-id=\"5fc455b\" data-element_type=\"widget\" data-e-type=\"widget\" data-widget_type=\"text-editor.default\">\n\t\t\t\t<div class=\"elementor-widget-container\">\n\t\t\t\t\t\t\t\t\t<p>The flexibility of our production system allows us to respond promptly to changes. <strong>Valentino Caff\u00e8<\/strong>&#8216;s decade-long experience is based on the full awareness that we can aspire to the maximum quality of the product and the well-being of the human resources.<\/p><p><strong>Our daily commitment is to:<\/strong><\/p><p>carry out continuous research to improve the blends<br \/>select state of the art technologies<br \/>ensure a quality control of all the internal processes<br \/>strive for an original and creative packaging for every product<br \/>implement ethical values<br \/>increase the corporate social responsibility actions to generate social value<br \/>cultivate the passion for quality coffee<\/p><p>We can state with confidence that there is passion behind every coffee. These small gestures, the daily ritual of <strong>preparing a coffee, for yourself or for others, is a sign of care and devotion<\/strong>.<\/p><p>We put the same passion in making the Valentino Caff\u00e8 pods, because <strong>drinking a good coffee is a way of loving yourself.<\/strong><\/p>\t\t\t\t\t\t\t\t<\/div>\n\t\t\t\t<\/div>\n\t\t\t\t\t<\/div>\n\t\t<\/div>\n\t\t\t\t\t<\/div>\n\t\t<\/section>\n\t\t\t\t<\/div>\n\t\t","protected":false},"excerpt":{"rendered":"<p>Caff\u00e8 Valentino, a sustainable choice Valentino Caff\u00e8 has been managed by the Montefrancesco family for two generations. They have expertly married together their artisanal mastery of the art of coffee and modern technologies, with a single goal: to produce excellent coffee, the symbol of the Italian espresso tradition. Our focus on the future is underpinned [&hellip;]<\/p>\n","protected":false},"author":1,"featured_media":0,"parent":0,"menu_order":0,"comment_status":"closed","ping_status":"closed","template":"page-full-width.php","meta":{"_acf_changed":false,"footnotes":""},"class_list":["post-9187","page","type-page","status-publish","hentry"],"acf":[],"yoast_head":"<!-- This site is optimized with the Yoast SEO plugin v27.0 - https:\/\/yoast.com\/product\/yoast-seo-wordpress\/ -->\n<title>About us - Valentino Caff\u00e8<\/title>\n<meta name=\"robots\" content=\"index, follow, max-snippet:-1, max-image-preview:large, max-video-preview:-1\" \/>\n<link rel=\"canonical\" href=\"https:\/\/valentinocaffe.com\/en\/about-us\/\" \/>\n<meta property=\"og:locale\" content=\"en_US\" \/>\n<meta property=\"og:type\" content=\"article\" \/>\n<meta property=\"og:title\" content=\"About us - Valentino Caff\u00e8\" \/>\n<meta property=\"og:description\" content=\"Caff\u00e8 Valentino, a sustainable choice Valentino Caff\u00e8 has been managed by the Montefrancesco family for two generations. They have expertly married together their artisanal mastery of the art of coffee and modern technologies, with a single goal: to produce excellent coffee, the symbol of the Italian espresso tradition. Our focus on the future is underpinned [&hellip;]\" \/>\n<meta property=\"og:url\" content=\"https:\/\/valentinocaffe.com\/en\/about-us\/\" \/>\n<meta property=\"og:site_name\" content=\"Valentino Caff\u00e8\" \/>\n<meta property=\"article:modified_time\" content=\"2024-10-02T09:08:06+00:00\" \/>\n<meta property=\"og:image\" content=\"https:\/\/valentinocaffe.com\/wp-content\/uploads\/2022\/06\/caffe-valentino-puglia.jpeg\" \/>\n<meta name=\"twitter:card\" content=\"summary_large_image\" \/>\n<meta name=\"twitter:label1\" content=\"Est. reading time\" \/>\n\t<meta name=\"twitter:data1\" content=\"2 minutes\" \/>\n<script type=\"application\/ld+json\" class=\"yoast-schema-graph\">{\"@context\":\"https:\/\/schema.org\",\"@graph\":[{\"@type\":\"WebPage\",\"@id\":\"https:\/\/valentinocaffe.com\/en\/about-us\/\",\"url\":\"https:\/\/valentinocaffe.com\/en\/about-us\/\",\"name\":\"About us - Valentino Caff\u00e8\",\"isPartOf\":{\"@id\":\"https:\/\/valentinocaffe.com\/#website\"},\"primaryImageOfPage\":{\"@id\":\"https:\/\/valentinocaffe.com\/en\/about-us\/#primaryimage\"},\"image\":{\"@id\":\"https:\/\/valentinocaffe.com\/en\/about-us\/#primaryimage\"},\"thumbnailUrl\":\"https:\/\/valentinocaffe.com\/wp-content\/uploads\/2022\/06\/caffe-valentino-puglia.jpeg\",\"datePublished\":\"2022-07-01T15:31:47+00:00\",\"dateModified\":\"2024-10-02T09:08:06+00:00\",\"breadcrumb\":{\"@id\":\"https:\/\/valentinocaffe.com\/en\/about-us\/#breadcrumb\"},\"inLanguage\":\"en-US\",\"potentialAction\":[{\"@type\":\"ReadAction\",\"target\":[\"https:\/\/valentinocaffe.com\/en\/about-us\/\"]}]},{\"@type\":\"ImageObject\",\"inLanguage\":\"en-US\",\"@id\":\"https:\/\/valentinocaffe.com\/en\/about-us\/#primaryimage\",\"url\":\"https:\/\/valentinocaffe.com\/wp-content\/uploads\/2022\/06\/caffe-valentino-puglia.jpeg\",\"contentUrl\":\"https:\/\/valentinocaffe.com\/wp-content\/uploads\/2022\/06\/caffe-valentino-puglia.jpeg\"},{\"@type\":\"BreadcrumbList\",\"@id\":\"https:\/\/valentinocaffe.com\/en\/about-us\/#breadcrumb\",\"itemListElement\":[{\"@type\":\"ListItem\",\"position\":1,\"name\":\"Home\",\"item\":\"https:\/\/valentinocaffe.com\/\"},{\"@type\":\"ListItem\",\"position\":2,\"name\":\"About us\"}]},{\"@type\":\"WebSite\",\"@id\":\"https:\/\/valentinocaffe.com\/#website\",\"url\":\"https:\/\/valentinocaffe.com\/\",\"name\":\"Valentino Caff\u00e8\",\"description\":\"\",\"potentialAction\":[{\"@type\":\"SearchAction\",\"target\":{\"@type\":\"EntryPoint\",\"urlTemplate\":\"https:\/\/valentinocaffe.com\/?s={search_term_string}\"},\"query-input\":{\"@type\":\"PropertyValueSpecification\",\"valueRequired\":true,\"valueName\":\"search_term_string\"}}],\"inLanguage\":\"en-US\"}]}<\/script>\n<!-- \/ Yoast SEO plugin. -->","yoast_head_json":{"title":"About us - Valentino Caff\u00e8","robots":{"index":"index","follow":"follow","max-snippet":"max-snippet:-1","max-image-preview":"max-image-preview:large","max-video-preview":"max-video-preview:-1"},"canonical":"https:\/\/valentinocaffe.com\/en\/about-us\/","og_locale":"en_US","og_type":"article","og_title":"About us - Valentino Caff\u00e8","og_description":"Caff\u00e8 Valentino, a sustainable choice Valentino Caff\u00e8 has been managed by the Montefrancesco family for two generations. They have expertly married together their artisanal mastery of the art of coffee and modern technologies, with a single goal: to produce excellent coffee, the symbol of the Italian espresso tradition. Our focus on the future is underpinned [&hellip;]","og_url":"https:\/\/valentinocaffe.com\/en\/about-us\/","og_site_name":"Valentino Caff\u00e8","article_modified_time":"2024-10-02T09:08:06+00:00","og_image":[{"url":"https:\/\/valentinocaffe.com\/wp-content\/uploads\/2022\/06\/caffe-valentino-puglia.jpeg","type":"","width":"","height":""}],"twitter_card":"summary_large_image","twitter_misc":{"Est. reading time":"2 minutes"},"schema":{"@context":"https:\/\/schema.org","@graph":[{"@type":"WebPage","@id":"https:\/\/valentinocaffe.com\/en\/about-us\/","url":"https:\/\/valentinocaffe.com\/en\/about-us\/","name":"About us - Valentino Caff\u00e8","isPartOf":{"@id":"https:\/\/valentinocaffe.com\/#website"},"primaryImageOfPage":{"@id":"https:\/\/valentinocaffe.com\/en\/about-us\/#primaryimage"},"image":{"@id":"https:\/\/valentinocaffe.com\/en\/about-us\/#primaryimage"},"thumbnailUrl":"https:\/\/valentinocaffe.com\/wp-content\/uploads\/2022\/06\/caffe-valentino-puglia.jpeg","datePublished":"2022-07-01T15:31:47+00:00","dateModified":"2024-10-02T09:08:06+00:00","breadcrumb":{"@id":"https:\/\/valentinocaffe.com\/en\/about-us\/#breadcrumb"},"inLanguage":"en-US","potentialAction":[{"@type":"ReadAction","target":["https:\/\/valentinocaffe.com\/en\/about-us\/"]}]},{"@type":"ImageObject","inLanguage":"en-US","@id":"https:\/\/valentinocaffe.com\/en\/about-us\/#primaryimage","url":"https:\/\/valentinocaffe.com\/wp-content\/uploads\/2022\/06\/caffe-valentino-puglia.jpeg","contentUrl":"https:\/\/valentinocaffe.com\/wp-content\/uploads\/2022\/06\/caffe-valentino-puglia.jpeg"},{"@type":"BreadcrumbList","@id":"https:\/\/valentinocaffe.com\/en\/about-us\/#breadcrumb","itemListElement":[{"@type":"ListItem","position":1,"name":"Home","item":"https:\/\/valentinocaffe.com\/"},{"@type":"ListItem","position":2,"name":"About us"}]},{"@type":"WebSite","@id":"https:\/\/valentinocaffe.com\/#website","url":"https:\/\/valentinocaffe.com\/","name":"Valentino Caff\u00e8","description":"","potentialAction":[{"@type":"SearchAction","target":{"@type":"EntryPoint","urlTemplate":"https:\/\/valentinocaffe.com\/?s={search_term_string}"},"query-input":{"@type":"PropertyValueSpecification","valueRequired":true,"valueName":"search_term_string"}}],"inLanguage":"en-US"}]}},"_links":{"self":[{"href":"https:\/\/valentinocaffe.com\/en\/wp-json\/wp\/v2\/pages\/9187","targetHints":{"allow":["GET"]}}],"collection":[{"href":"https:\/\/valentinocaffe.com\/en\/wp-json\/wp\/v2\/pages"}],"about":[{"href":"https:\/\/valentinocaffe.com\/en\/wp-json\/wp\/v2\/types\/page"}],"author":[{"embeddable":true,"href":"https:\/\/valentinocaffe.com\/en\/wp-json\/wp\/v2\/users\/1"}],"replies":[{"embeddable":true,"href":"https:\/\/valentinocaffe.com\/en\/wp-json\/wp\/v2\/comments?post=9187"}],"version-history":[{"count":26,"href":"https:\/\/valentinocaffe.com\/en\/wp-json\/wp\/v2\/pages\/9187\/revisions"}],"predecessor-version":[{"id":201102,"href":"https:\/\/valentinocaffe.com\/en\/wp-json\/wp\/v2\/pages\/9187\/revisions\/201102"}],"wp:attachment":[{"href":"https:\/\/valentinocaffe.com\/en\/wp-json\/wp\/v2\/media?parent=9187"}],"curies":[{"name":"wp","href":"https:\/\/api.w.org\/{rel}","templated":true}]}}