
{"id":9298,"date":"2022-07-05T15:46:15","date_gmt":"2022-07-05T15:46:15","guid":{"rendered":"http:\/\/valentino-test.weavesrl.com\/contact\/"},"modified":"2022-10-13T13:38:34","modified_gmt":"2022-10-13T13:38:34","slug":"contact","status":"publish","type":"page","link":"https:\/\/valentinocaffe.com\/en\/contact\/","title":{"rendered":"Contact"},"content":{"rendered":"\t\t<div data-elementor-type=\"wp-page\" data-elementor-id=\"9298\" class=\"elementor elementor-9298 elementor-7747\">\n\t\t\t\t\t\t<section class=\"elementor-section elementor-top-section elementor-element elementor-element-0b9525f elementor-section-full_width elementor-section-height-default elementor-section-height-default qodef-elementor-content-no qodef-elementor-overlay-no\" data-id=\"0b9525f\" data-element_type=\"section\" data-e-type=\"section\">\n\t\t\t\t\t\t<div class=\"elementor-container elementor-column-gap-no\">\n\t\t\t\t\t<div class=\"elementor-column elementor-col-100 elementor-top-column elementor-element elementor-element-b41ea3b\" data-id=\"b41ea3b\" data-element_type=\"column\" data-e-type=\"column\">\n\t\t\t<div class=\"elementor-widget-wrap elementor-element-populated\">\n\t\t\t\t\t\t<div class=\"elementor-element elementor-element-a05179e elementor-widget elementor-widget-slider_revolution\" data-id=\"a05179e\" data-element_type=\"widget\" data-e-type=\"widget\" data-widget_type=\"slider_revolution.default\">\n\t\t\t\t<div class=\"elementor-widget-container\">\n\t\t\t\t\t\n\t\t<div class=\"wp-block-themepunch-revslider\">\n\t\t\t<!-- START contact REVOLUTION SLIDER 6.7.34 --><p class=\"rs-p-wp-fix\"><\/p>\n\t\t\t<rs-module-wrap id=\"rev_slider_32_1_wrapper\" data-source=\"gallery\" style=\"visibility:hidden;background:transparent;padding:0;\">\n\t\t\t\t<rs-module id=\"rev_slider_32_1\" style=\"\" data-version=\"6.7.34\">\n\t\t\t\t\t<rs-slides style=\"overflow: hidden; position: absolute;\">\n\t\t\t\t\t\t<rs-slide style=\"position: absolute;\" data-key=\"rs-92\" data-title=\"Slide\" data-anim=\"adpr:false;\" data-in=\"o:0;\" data-out=\"a:false;\" data-p1=\"1\">\n\t\t\t\t\t\t\t<img fetchpriority=\"high\" decoding=\"async\" src=\"\/\/valentinocaffe.com\/wp-content\/plugins\/revslider\/sr6\/assets\/assets\/dummy.png\" alt=\"\" width=\"1920\" height=\"1080\" class=\"rev-slidebg tp-rs-img rs-lazyload\" data-lazyload=\"\/wp-content\/uploads\/2022\/07\/contatti-valentino-caffe.jpg\" data-parallax=\"4\" data-no-retina>\n<!--\n\t\t\t\t\t\t\t--><rs-layer\n\t\t\t\t\t\t\t\tid=\"slider-32-slide-92-layer-2\" \n\t\t\t\t\t\t\t\tdata-type=\"text\"\n\t\t\t\t\t\t\t\tdata-xy=\"x:l,l,c,c;xo:0,-32px,0,0;y:m;yo:0,1px,1px,0;\"\n\t\t\t\t\t\t\t\tdata-text=\"w:normal;s:70,55,55,40;l:65,60,60,44;a:left,left,center,center;\"\n\t\t\t\t\t\t\t\tdata-dim=\"h:69px;\"\n\t\t\t\t\t\t\t\tdata-rsp_o=\"off\"\n\t\t\t\t\t\t\t\tdata-rsp_bd=\"off\"\n\t\t\t\t\t\t\t\tdata-frame_999=\"o:0;st:w;\"\n\t\t\t\t\t\t\t\tstyle=\"z-index:8;font-family:'Belleza';\"\n\t\t\t\t\t\t\t>VALENTINO<br \/>\nCAFF\u00c8 S.p.A \n\t\t\t\t\t\t\t<\/rs-layer><!--\n\n\t\t\t\t\t\t\t--><rs-layer\n\t\t\t\t\t\t\t\tid=\"slider-32-slide-92-layer-3\" \n\t\t\t\t\t\t\t\tdata-type=\"text\"\n\t\t\t\t\t\t\t\tdata-xy=\"x:l,l,c,c;xo:0,-32px,0,0;y:m;yo:127px,106px,106px,79px;\"\n\t\t\t\t\t\t\t\tdata-text=\"w:normal;s:28,23,23,20;l:20,15,15,7;fw:300;\"\n\t\t\t\t\t\t\t\tdata-rsp_o=\"off\"\n\t\t\t\t\t\t\t\tdata-rsp_bd=\"off\"\n\t\t\t\t\t\t\t\tdata-frame_999=\"o:0;st:w;\"\n\t\t\t\t\t\t\t\tstyle=\"z-index:9;font-family:'Roboto';\"\n\t\t\t\t\t\t\t>Useful numbers and addresses<br \/>\n \n\t\t\t\t\t\t\t<\/rs-layer><!--\n-->\t\t\t\t\t<\/rs-slide>\n\t\t\t\t\t<\/rs-slides>\n\t\t\t\t<\/rs-module>\n\t\t\t\t<script>\n\t\t\t\t\tsetREVStartSize({c: 'rev_slider_32_1',rl:[1920,1600,778,480],el:[900,768,960,720],gw:[1280,1024,778,480],gh:[900,768,960,720],type:'standard',justify:'',layout:'fullscreen',offsetContainer:'',offset:'0px',mh:\"0\"});if (window.RS_MODULES!==undefined && window.RS_MODULES.modules!==undefined && window.RS_MODULES.modules[\"revslider321\"]!==undefined) {window.RS_MODULES.modules[\"revslider321\"].once = false;window.revapi32 = undefined;if (window.RS_MODULES.checkMinimal!==undefined) window.RS_MODULES.checkMinimal()}\n\t\t\t\t<\/script>\n\t\t\t<\/rs-module-wrap>\n\t\t\t<!-- END REVOLUTION SLIDER -->\n<\/div>\n\n\t\t\t\t\t\t<\/div>\n\t\t\t\t<\/div>\n\t\t\t\t\t<\/div>\n\t\t<\/div>\n\t\t\t\t\t<\/div>\n\t\t<\/section>\n\t\t\t\t<section class=\"elementor-section elementor-top-section elementor-element elementor-element-da61e13 elementor-section-full_width elementor-section-stretched qodef-elementor-content-grid qodef-extended-grid qodef-extended-grid--right elementor-section-height-default elementor-section-height-default qodef-elementor-overlay-no\" data-id=\"da61e13\" data-element_type=\"section\" data-e-type=\"section\" data-settings=\"{&quot;stretch_section&quot;:&quot;section-stretched&quot;}\">\n\t\t\t\t\t\t<div class=\"elementor-container elementor-column-gap-no\">\n\t\t\t\t\t<div class=\"elementor-column elementor-col-50 elementor-top-column elementor-element elementor-element-cea77fd\" data-id=\"cea77fd\" data-element_type=\"column\" data-e-type=\"column\">\n\t\t\t<div class=\"elementor-widget-wrap elementor-element-populated\">\n\t\t\t\t\t\t<div class=\"elementor-element elementor-element-962b270 elementor-widget__width-initial elementor-widget-mobile__width-initial elementor-widget elementor-widget-tobel_core_section_title\" data-id=\"962b270\" data-element_type=\"widget\" data-e-type=\"widget\" data-widget_type=\"tobel_core_section_title.default\">\n\t\t\t\t<div class=\"elementor-widget-container\">\n\t\t\t\t\t<div class=\"qodef-shortcode qodef-m qodef-section-title qodef-alignment--left\">\n\t\t\t<h4 class=\"qodef-m-title\" >\n\t\t\t\t\tContact Valentino Caff\u00e8 offices\t\t\t<\/h4>\n\t<\/div>\n\t\t\t\t<\/div>\n\t\t\t\t<\/div>\n\t\t\t\t\t<\/div>\n\t\t<\/div>\n\t\t\t\t<div class=\"elementor-column elementor-col-50 elementor-top-column elementor-element elementor-element-2c8440e elementor-hidden-mobile\" data-id=\"2c8440e\" data-element_type=\"column\" data-e-type=\"column\">\n\t\t\t<div class=\"elementor-widget-wrap elementor-element-populated\">\n\t\t\t\t\t\t<div class=\"elementor-element elementor-element-3040591 elementor-invisible elementor-widget elementor-widget-image\" data-id=\"3040591\" data-element_type=\"widget\" data-e-type=\"widget\" data-settings=\"{&quot;_animation&quot;:&quot;fadeIn&quot;}\" data-widget_type=\"image.default\">\n\t\t\t\t<div class=\"elementor-widget-container\">\n\t\t\t\t\t\t\t\t\t\t\t\t\t\t\t<img decoding=\"async\" width=\"1920\" height=\"1280\" src=\"https:\/\/valentinocaffe.com\/wp-content\/uploads\/2022\/07\/valentinocaffe-contatti.jpeg\" class=\"attachment-full size-full wp-image-9064\" alt=\"Valentino Caff\u00e8 Lecce\" srcset=\"https:\/\/valentinocaffe.com\/wp-content\/uploads\/2022\/07\/valentinocaffe-contatti.jpeg 1920w, https:\/\/valentinocaffe.com\/wp-content\/uploads\/2022\/07\/valentinocaffe-contatti-300x200.jpeg 300w, https:\/\/valentinocaffe.com\/wp-content\/uploads\/2022\/07\/valentinocaffe-contatti-600x400.jpeg 600w, https:\/\/valentinocaffe.com\/wp-content\/uploads\/2022\/07\/valentinocaffe-contatti-1024x683.jpeg 1024w, https:\/\/valentinocaffe.com\/wp-content\/uploads\/2022\/07\/valentinocaffe-contatti-768x512.jpeg 768w, https:\/\/valentinocaffe.com\/wp-content\/uploads\/2022\/07\/valentinocaffe-contatti-1536x1024.jpeg 1536w\" sizes=\"(max-width: 1920px) 100vw, 1920px\" \/>\t\t\t\t\t\t\t\t\t\t\t\t\t\t\t<\/div>\n\t\t\t\t<\/div>\n\t\t\t\t\t<\/div>\n\t\t<\/div>\n\t\t\t\t\t<\/div>\n\t\t<\/section>\n\t\t\t\t<section class=\"elementor-section elementor-top-section elementor-element elementor-element-abed72b elementor-section-full_width elementor-section-stretched elementor-hidden-desktop elementor-hidden-tablet elementor-section-height-default elementor-section-height-default qodef-elementor-content-no qodef-elementor-overlay-no\" data-id=\"abed72b\" data-element_type=\"section\" data-e-type=\"section\" data-settings=\"{&quot;stretch_section&quot;:&quot;section-stretched&quot;}\">\n\t\t\t\t\t\t<div class=\"elementor-container elementor-column-gap-no\">\n\t\t\t\t\t<div class=\"elementor-column elementor-col-100 elementor-top-column elementor-element elementor-element-eefb330\" data-id=\"eefb330\" data-element_type=\"column\" data-e-type=\"column\">\n\t\t\t<div class=\"elementor-widget-wrap elementor-element-populated\">\n\t\t\t\t\t\t<div class=\"elementor-element elementor-element-a39de1c elementor-widget elementor-widget-image\" data-id=\"a39de1c\" data-element_type=\"widget\" data-e-type=\"widget\" data-widget_type=\"image.default\">\n\t\t\t\t<div class=\"elementor-widget-container\">\n\t\t\t\t\t\t\t\t\t\t\t\t\t\t\t<img decoding=\"async\" width=\"1920\" height=\"1280\" src=\"https:\/\/valentinocaffe.com\/wp-content\/uploads\/2022\/07\/valentinocaffe-contatti.jpeg\" class=\"attachment-full size-full wp-image-9064\" alt=\"Valentino Caff\u00e8 Lecce\" srcset=\"https:\/\/valentinocaffe.com\/wp-content\/uploads\/2022\/07\/valentinocaffe-contatti.jpeg 1920w, https:\/\/valentinocaffe.com\/wp-content\/uploads\/2022\/07\/valentinocaffe-contatti-300x200.jpeg 300w, https:\/\/valentinocaffe.com\/wp-content\/uploads\/2022\/07\/valentinocaffe-contatti-600x400.jpeg 600w, https:\/\/valentinocaffe.com\/wp-content\/uploads\/2022\/07\/valentinocaffe-contatti-1024x683.jpeg 1024w, https:\/\/valentinocaffe.com\/wp-content\/uploads\/2022\/07\/valentinocaffe-contatti-768x512.jpeg 768w, https:\/\/valentinocaffe.com\/wp-content\/uploads\/2022\/07\/valentinocaffe-contatti-1536x1024.jpeg 1536w\" sizes=\"(max-width: 1920px) 100vw, 1920px\" \/>\t\t\t\t\t\t\t\t\t\t\t\t\t\t\t<\/div>\n\t\t\t\t<\/div>\n\t\t\t\t\t<\/div>\n\t\t<\/div>\n\t\t\t\t\t<\/div>\n\t\t<\/section>\n\t\t\t\t<section class=\"elementor-section elementor-top-section elementor-element elementor-element-8f78e49 elementor-section-full_width qodef-elementor-content-grid elementor-section-height-default elementor-section-height-default qodef-elementor-overlay-no\" data-id=\"8f78e49\" data-element_type=\"section\" data-e-type=\"section\">\n\t\t\t\t\t\t<div class=\"elementor-container elementor-column-gap-default\">\n\t\t\t\t\t<div class=\"elementor-column elementor-col-50 elementor-top-column elementor-element elementor-element-83972cd\" data-id=\"83972cd\" data-element_type=\"column\" data-e-type=\"column\">\n\t\t\t<div class=\"elementor-widget-wrap elementor-element-populated\">\n\t\t\t\t\t\t<div class=\"elementor-element elementor-element-81cfb51 elementor-widget elementor-widget-text-editor\" data-id=\"81cfb51\" data-element_type=\"widget\" data-e-type=\"widget\" data-widget_type=\"text-editor.default\">\n\t\t\t\t<div class=\"elementor-widget-container\">\n\t\t\t\t\t\t\t\t\t<p><strong>Valentino Caff\u00e8 Spa<\/strong><\/p><p><em>Factory and production:<\/em><br \/>Viale Crozia 8 (Z.I.)<br \/>73100 Lecce \u2013 Italy<\/p><p><strong>Telephone:<\/strong><br \/>+39 0832 240771<br \/><strong>Fax:<br \/><\/strong>+39 0832 279866<\/p><p><strong>Office:<\/strong><br \/><a href=\"mailto:info@valentinocaffespa.com\">info@valentinocaffespa.com<\/a><br \/><strong><br \/>Master Baristas:<\/strong><br \/><a href=\"mailto:maestricaffettieri@valentinocaffe.com\">maestricaffettieri@valentinocaffe.com<\/a><br \/><strong><br \/>E-shop:<\/strong><br \/><a href=\"mailto:eshop@valentinocaffespa.com\">eshop@valentinocaffespa.com<\/a><\/p><p><strong>Follow Us on:<br \/><\/strong><\/p><p><a href=\"https:\/\/www.facebook.com\/ValentinoCaffeSpa\">Facebook<\/a><br \/><a href=\"https:\/\/www.instagram.com\/valentinocaffe\/\">Instagram<\/a><\/p>\t\t\t\t\t\t\t\t<\/div>\n\t\t\t\t<\/div>\n\t\t\t\t\t<\/div>\n\t\t<\/div>\n\t\t\t\t<div class=\"elementor-column elementor-col-50 elementor-top-column elementor-element elementor-element-81ddd54\" data-id=\"81ddd54\" data-element_type=\"column\" data-e-type=\"column\">\n\t\t\t<div class=\"elementor-widget-wrap elementor-element-populated\">\n\t\t\t\t\t\t<div class=\"elementor-element elementor-element-d219617 elementor-widget elementor-widget-text-editor\" data-id=\"d219617\" data-element_type=\"widget\" data-e-type=\"widget\" data-widget_type=\"text-editor.default\">\n\t\t\t\t<div class=\"elementor-widget-container\">\n\t\t\t\t\t\t\t\t\t<p><strong>Direct<\/strong><br \/>Please fill in the following form in all its fields. You will be contacted by our staff as soon as possible.<\/p>\t\t\t\t\t\t\t\t<\/div>\n\t\t\t\t<\/div>\n\t\t\t\t<div class=\"elementor-element elementor-element-1cd07ff elementor-widget elementor-widget-qi_addons_for_elementor_contact_form_7\" data-id=\"1cd07ff\" data-element_type=\"widget\" data-e-type=\"widget\" data-widget_type=\"qi_addons_for_elementor_contact_form_7.default\">\n\t\t\t\t<div class=\"elementor-widget-container\">\n\t\t\t\t\t<div class=\"qodef-shortcode qodef-m qodef-qi-contact-form-7\">\n\t\n<div class=\"wpcf7 no-js\" id=\"wpcf7-f9378-o1\" lang=\"it-IT\" dir=\"ltr\" data-wpcf7-id=\"9378\">\n<div class=\"screen-reader-response\"><p role=\"status\" aria-live=\"polite\" aria-atomic=\"true\"><\/p> <ul><\/ul><\/div>\n<form action=\"\/en\/wp-json\/wp\/v2\/pages\/9298#wpcf7-f9378-o1\" method=\"post\" class=\"wpcf7-form init\" aria-label=\"Modulo di contatto\" novalidate=\"novalidate\" data-status=\"init\">\n<fieldset class=\"hidden-fields-container\"><input type=\"hidden\" name=\"_wpcf7\" value=\"9378\" \/><input type=\"hidden\" name=\"_wpcf7_version\" value=\"6.1.5\" \/><input type=\"hidden\" name=\"_wpcf7_locale\" value=\"it_IT\" \/><input type=\"hidden\" name=\"_wpcf7_unit_tag\" value=\"wpcf7-f9378-o1\" \/><input type=\"hidden\" name=\"_wpcf7_container_post\" value=\"0\" \/><input type=\"hidden\" name=\"_wpcf7_posted_data_hash\" value=\"\" \/>\n<\/fieldset>\n<label> Name\n    <span class=\"wpcf7-form-control-wrap\" data-name=\"your-name\"><input size=\"40\" maxlength=\"400\" class=\"wpcf7-form-control wpcf7-text wpcf7-validates-as-required\" aria-required=\"true\" aria-invalid=\"false\" value=\"\" type=\"text\" name=\"your-name\" \/><\/span> <\/label>\n\n<label> Email\n    <span class=\"wpcf7-form-control-wrap\" data-name=\"your-email\"><input size=\"40\" maxlength=\"400\" class=\"wpcf7-form-control wpcf7-email wpcf7-validates-as-required wpcf7-text wpcf7-validates-as-email\" aria-required=\"true\" aria-invalid=\"false\" value=\"\" type=\"email\" name=\"your-email\" \/><\/span> <\/label>\n\n<label> Reason for requesting\n    <span class=\"wpcf7-form-control-wrap\" data-name=\"your-subject\"><input size=\"40\" maxlength=\"400\" class=\"wpcf7-form-control wpcf7-text wpcf7-validates-as-required\" aria-required=\"true\" aria-invalid=\"false\" value=\"\" type=\"text\" name=\"your-subject\" \/><\/span> <\/label>\n\n<label> Message\n    <span class=\"wpcf7-form-control-wrap\" data-name=\"your-message\"><textarea cols=\"40\" rows=\"10\" maxlength=\"2000\" class=\"wpcf7-form-control wpcf7-textarea\" aria-invalid=\"false\" name=\"your-message\"><\/textarea><\/span> <\/label>\n\n<span class=\"wpcf7-form-control-wrap\" data-name=\"acceptance-840\"><span class=\"wpcf7-form-control wpcf7-acceptance\"><span class=\"wpcf7-list-item\"><label><input type=\"checkbox\" name=\"acceptance-840\" value=\"1\" aria-invalid=\"false\" \/><span class=\"wpcf7-list-item-label\"><strong> I agree to the use of my personal data in order to be contacted in the modalities described by the <a href=\"#\" target=\"_blank\" > Privacy Policy<\/a><\/strong><\/span><\/label><\/span><\/span><\/span>\n\n<button class=\"wpcf7-form-control wpcf7-submit qodef-button qodef-size--normal qodef-layout--filled qodef-m\" type=\"submit\"><span class=\"qodef-m-text\">Send<\/span><\/button><div class=\"wpcf7-response-output\" aria-hidden=\"true\"><\/div>\n<\/form>\n<\/div>\n<\/div>\n\t\t\t\t<\/div>\n\t\t\t\t<\/div>\n\t\t\t\t\t<\/div>\n\t\t<\/div>\n\t\t\t\t\t<\/div>\n\t\t<\/section>\n\t\t\t\t<section class=\"elementor-section elementor-top-section elementor-element elementor-element-1150ded elementor-section-boxed elementor-section-height-default elementor-section-height-default qodef-elementor-content-no qodef-elementor-overlay-no\" data-id=\"1150ded\" data-element_type=\"section\" data-e-type=\"section\">\n\t\t\t\t\t\t<div class=\"elementor-container elementor-column-gap-default\">\n\t\t\t\t\t<div class=\"elementor-column elementor-col-50 elementor-top-column elementor-element elementor-element-47eb1b7\" data-id=\"47eb1b7\" data-element_type=\"column\" data-e-type=\"column\">\n\t\t\t<div class=\"elementor-widget-wrap elementor-element-populated\">\n\t\t\t\t\t\t<div class=\"elementor-element elementor-element-4a8e483 elementor-widget elementor-widget-html\" data-id=\"4a8e483\" data-element_type=\"widget\" data-e-type=\"widget\" data-widget_type=\"html.default\">\n\t\t\t\t<div class=\"elementor-widget-container\">\n\t\t\t\t\t<iframe src=\"https:\/\/www.google.com\/maps\/embed?pb=!1m14!1m8!1m3!1d12158.922846671428!2d18.1358501!3d40.370495!3m2!1i1024!2i768!4f13.1!3m3!1m2!1s0x0%3A0xa865e98d70cd492e!2sValentino%20Caff%C3%A8%20Spa!5e0!3m2!1sit!2sit!4v1657036958561!5m2!1sit!2sit\" width=\"600\" height=\"450\" style=\"border:0;\" allowfullscreen=\"\" loading=\"lazy\" referrerpolicy=\"no-referrer-when-downgrade\"><\/iframe>\t\t\t\t<\/div>\n\t\t\t\t<\/div>\n\t\t\t\t\t<\/div>\n\t\t<\/div>\n\t\t\t\t<div class=\"elementor-column elementor-col-50 elementor-top-column elementor-element elementor-element-57132c0\" data-id=\"57132c0\" data-element_type=\"column\" data-e-type=\"column\">\n\t\t\t<div class=\"elementor-widget-wrap\">\n\t\t\t\t\t\t\t<\/div>\n\t\t<\/div>\n\t\t\t\t\t<\/div>\n\t\t<\/section>\n\t\t\t\t<\/div>\n\t\t","protected":false},"excerpt":{"rendered":"<p>Contact Valentino Caff\u00e8 offices Valentino Caff\u00e8 Spa Factory and production:Viale Crozia 8 (Z.I.)73100 Lecce \u2013 Italy Telephone:+39 0832 240771Fax:+39 0832 279866 Office:info@valentinocaffespa.comMaster Baristas:maestricaffettieri@valentinocaffe.comE-shop:eshop@valentinocaffespa.com Follow Us on: FacebookInstagram DirectPlease fill in the following form in all its fields. You will be contacted by our staff as soon as possible. Name Email Reason for requesting Message Send<\/p>\n","protected":false},"author":1,"featured_media":0,"parent":0,"menu_order":0,"comment_status":"closed","ping_status":"closed","template":"page-full-width.php","meta":{"_acf_changed":false,"footnotes":""},"class_list":["post-9298","page","type-page","status-publish","hentry"],"acf":[],"yoast_head":"<!-- This site is optimized with the Yoast SEO plugin v27.0 - https:\/\/yoast.com\/product\/yoast-seo-wordpress\/ -->\n<title>Contact - Valentino Caff\u00e8<\/title>\n<meta name=\"robots\" content=\"index, follow, max-snippet:-1, max-image-preview:large, max-video-preview:-1\" \/>\n<link rel=\"canonical\" href=\"https:\/\/valentinocaffe.com\/en\/contact\/\" \/>\n<meta property=\"og:locale\" content=\"en_US\" \/>\n<meta property=\"og:type\" content=\"article\" \/>\n<meta property=\"og:title\" content=\"Contact - Valentino Caff\u00e8\" \/>\n<meta property=\"og:description\" content=\"Contact Valentino Caff\u00e8 offices Valentino Caff\u00e8 Spa Factory and production:Viale Crozia 8 (Z.I.)73100 Lecce \u2013 Italy Telephone:+39 0832 240771Fax:+39 0832 279866 Office:info@valentinocaffespa.comMaster Baristas:maestricaffettieri@valentinocaffe.comE-shop:eshop@valentinocaffespa.com Follow Us on: FacebookInstagram DirectPlease fill in the following form in all its fields. You will be contacted by our staff as soon as possible. Name Email Reason for requesting Message Send\" \/>\n<meta property=\"og:url\" content=\"https:\/\/valentinocaffe.com\/en\/contact\/\" \/>\n<meta property=\"og:site_name\" content=\"Valentino Caff\u00e8\" \/>\n<meta property=\"article:modified_time\" content=\"2022-10-13T13:38:34+00:00\" \/>\n<meta property=\"og:image\" content=\"http:\/\/valentino-test.weavesrl.com\/wp-content\/uploads\/2022\/07\/valentinocaffe-contatti.jpeg\" \/>\n<meta name=\"twitter:card\" content=\"summary_large_image\" \/>\n<meta name=\"twitter:label1\" content=\"Est. reading time\" \/>\n\t<meta name=\"twitter:data1\" content=\"2 minutes\" \/>\n<script type=\"application\/ld+json\" class=\"yoast-schema-graph\">{\"@context\":\"https:\/\/schema.org\",\"@graph\":[{\"@type\":\"WebPage\",\"@id\":\"https:\/\/valentinocaffe.com\/en\/contact\/\",\"url\":\"https:\/\/valentinocaffe.com\/en\/contact\/\",\"name\":\"Contact - Valentino Caff\u00e8\",\"isPartOf\":{\"@id\":\"https:\/\/valentinocaffe.com\/#website\"},\"primaryImageOfPage\":{\"@id\":\"https:\/\/valentinocaffe.com\/en\/contact\/#primaryimage\"},\"image\":{\"@id\":\"https:\/\/valentinocaffe.com\/en\/contact\/#primaryimage\"},\"thumbnailUrl\":\"http:\/\/valentino-test.weavesrl.com\/wp-content\/uploads\/2022\/07\/valentinocaffe-contatti.jpeg\",\"datePublished\":\"2022-07-05T15:46:15+00:00\",\"dateModified\":\"2022-10-13T13:38:34+00:00\",\"breadcrumb\":{\"@id\":\"https:\/\/valentinocaffe.com\/en\/contact\/#breadcrumb\"},\"inLanguage\":\"en-US\",\"potentialAction\":[{\"@type\":\"ReadAction\",\"target\":[\"https:\/\/valentinocaffe.com\/en\/contact\/\"]}]},{\"@type\":\"ImageObject\",\"inLanguage\":\"en-US\",\"@id\":\"https:\/\/valentinocaffe.com\/en\/contact\/#primaryimage\",\"url\":\"http:\/\/valentino-test.weavesrl.com\/wp-content\/uploads\/2022\/07\/valentinocaffe-contatti.jpeg\",\"contentUrl\":\"http:\/\/valentino-test.weavesrl.com\/wp-content\/uploads\/2022\/07\/valentinocaffe-contatti.jpeg\"},{\"@type\":\"BreadcrumbList\",\"@id\":\"https:\/\/valentinocaffe.com\/en\/contact\/#breadcrumb\",\"itemListElement\":[{\"@type\":\"ListItem\",\"position\":1,\"name\":\"Home\",\"item\":\"https:\/\/valentinocaffe.com\/\"},{\"@type\":\"ListItem\",\"position\":2,\"name\":\"Contact\"}]},{\"@type\":\"WebSite\",\"@id\":\"https:\/\/valentinocaffe.com\/#website\",\"url\":\"https:\/\/valentinocaffe.com\/\",\"name\":\"Valentino Caff\u00e8\",\"description\":\"\",\"potentialAction\":[{\"@type\":\"SearchAction\",\"target\":{\"@type\":\"EntryPoint\",\"urlTemplate\":\"https:\/\/valentinocaffe.com\/?s={search_term_string}\"},\"query-input\":{\"@type\":\"PropertyValueSpecification\",\"valueRequired\":true,\"valueName\":\"search_term_string\"}}],\"inLanguage\":\"en-US\"}]}<\/script>\n<!-- \/ Yoast SEO plugin. -->","yoast_head_json":{"title":"Contact - Valentino Caff\u00e8","robots":{"index":"index","follow":"follow","max-snippet":"max-snippet:-1","max-image-preview":"max-image-preview:large","max-video-preview":"max-video-preview:-1"},"canonical":"https:\/\/valentinocaffe.com\/en\/contact\/","og_locale":"en_US","og_type":"article","og_title":"Contact - Valentino Caff\u00e8","og_description":"Contact Valentino Caff\u00e8 offices Valentino Caff\u00e8 Spa Factory and production:Viale Crozia 8 (Z.I.)73100 Lecce \u2013 Italy Telephone:+39 0832 240771Fax:+39 0832 279866 Office:info@valentinocaffespa.comMaster Baristas:maestricaffettieri@valentinocaffe.comE-shop:eshop@valentinocaffespa.com Follow Us on: FacebookInstagram DirectPlease fill in the following form in all its fields. You will be contacted by our staff as soon as possible. Name Email Reason for requesting Message Send","og_url":"https:\/\/valentinocaffe.com\/en\/contact\/","og_site_name":"Valentino Caff\u00e8","article_modified_time":"2022-10-13T13:38:34+00:00","og_image":[{"url":"http:\/\/valentino-test.weavesrl.com\/wp-content\/uploads\/2022\/07\/valentinocaffe-contatti.jpeg","type":"","width":"","height":""}],"twitter_card":"summary_large_image","twitter_misc":{"Est. reading time":"2 minutes"},"schema":{"@context":"https:\/\/schema.org","@graph":[{"@type":"WebPage","@id":"https:\/\/valentinocaffe.com\/en\/contact\/","url":"https:\/\/valentinocaffe.com\/en\/contact\/","name":"Contact - Valentino Caff\u00e8","isPartOf":{"@id":"https:\/\/valentinocaffe.com\/#website"},"primaryImageOfPage":{"@id":"https:\/\/valentinocaffe.com\/en\/contact\/#primaryimage"},"image":{"@id":"https:\/\/valentinocaffe.com\/en\/contact\/#primaryimage"},"thumbnailUrl":"http:\/\/valentino-test.weavesrl.com\/wp-content\/uploads\/2022\/07\/valentinocaffe-contatti.jpeg","datePublished":"2022-07-05T15:46:15+00:00","dateModified":"2022-10-13T13:38:34+00:00","breadcrumb":{"@id":"https:\/\/valentinocaffe.com\/en\/contact\/#breadcrumb"},"inLanguage":"en-US","potentialAction":[{"@type":"ReadAction","target":["https:\/\/valentinocaffe.com\/en\/contact\/"]}]},{"@type":"ImageObject","inLanguage":"en-US","@id":"https:\/\/valentinocaffe.com\/en\/contact\/#primaryimage","url":"http:\/\/valentino-test.weavesrl.com\/wp-content\/uploads\/2022\/07\/valentinocaffe-contatti.jpeg","contentUrl":"http:\/\/valentino-test.weavesrl.com\/wp-content\/uploads\/2022\/07\/valentinocaffe-contatti.jpeg"},{"@type":"BreadcrumbList","@id":"https:\/\/valentinocaffe.com\/en\/contact\/#breadcrumb","itemListElement":[{"@type":"ListItem","position":1,"name":"Home","item":"https:\/\/valentinocaffe.com\/"},{"@type":"ListItem","position":2,"name":"Contact"}]},{"@type":"WebSite","@id":"https:\/\/valentinocaffe.com\/#website","url":"https:\/\/valentinocaffe.com\/","name":"Valentino Caff\u00e8","description":"","potentialAction":[{"@type":"SearchAction","target":{"@type":"EntryPoint","urlTemplate":"https:\/\/valentinocaffe.com\/?s={search_term_string}"},"query-input":{"@type":"PropertyValueSpecification","valueRequired":true,"valueName":"search_term_string"}}],"inLanguage":"en-US"}]}},"_links":{"self":[{"href":"https:\/\/valentinocaffe.com\/en\/wp-json\/wp\/v2\/pages\/9298","targetHints":{"allow":["GET"]}}],"collection":[{"href":"https:\/\/valentinocaffe.com\/en\/wp-json\/wp\/v2\/pages"}],"about":[{"href":"https:\/\/valentinocaffe.com\/en\/wp-json\/wp\/v2\/types\/page"}],"author":[{"embeddable":true,"href":"https:\/\/valentinocaffe.com\/en\/wp-json\/wp\/v2\/users\/1"}],"replies":[{"embeddable":true,"href":"https:\/\/valentinocaffe.com\/en\/wp-json\/wp\/v2\/comments?post=9298"}],"version-history":[{"count":12,"href":"https:\/\/valentinocaffe.com\/en\/wp-json\/wp\/v2\/pages\/9298\/revisions"}],"predecessor-version":[{"id":9386,"href":"https:\/\/valentinocaffe.com\/en\/wp-json\/wp\/v2\/pages\/9298\/revisions\/9386"}],"wp:attachment":[{"href":"https:\/\/valentinocaffe.com\/en\/wp-json\/wp\/v2\/media?parent=9298"}],"curies":[{"name":"wp","href":"https:\/\/api.w.org\/{rel}","templated":true}]}}